{"id":785,"date":"2025-06-04T16:59:29","date_gmt":"2025-06-04T16:59:29","guid":{"rendered":"https:\/\/fushengfloors.com\/?post_type=product&#038;p=785"},"modified":"2025-06-04T17:02:27","modified_gmt":"2025-06-04T17:02:27","slug":"particle-board-p001","status":"publish","type":"product","link":"https:\/\/fushengfloors.com\/zh\/product\/particle-board-p001\/","title":{"rendered":"\u9897\u7c92\u677f P001"},"content":{"rendered":"<h4>\u8010\u7528\u3001\u6301\u4e45\uff1a<\/h4>\n<p>\u6211\u4eec\u7684\u5228\u82b1\u677f\u7531\u4e09\u5c42\u7ed3\u6784\u5236\u6210\uff0c\u5177\u6709\u6781\u4f73\u7684\u8010\u7528\u6027\u548c\u6297\u78e8\u635f\u6027\uff0c\u975e\u5e38\u9002\u5408\u5728\u516c\u5bd3\u548c\u5546\u4e1a\u7a7a\u95f4\u7b49\u4eba\u6d41\u91cf\u5927\u7684\u5730\u65b9\u4f7f\u7528\u3002<\/p>\n<h4>\u53ef\u5b9a\u5236\u5c3a\u5bf8\u9009\u9879\uff1a<\/h4>\n<p>\u8be5\u4ea7\u54c1\u6709\u5404\u79cd\u539a\u5ea6\uff088-44 \u6beb\u7c73\uff09\u548c\u5c3a\u5bf8\uff081220x2440 \u6beb\u7c73\u6216\u5b9a\u5236\u5c3a\u5bf8\uff09\u53ef\u4f9b\u9009\u62e9\uff0c\u65e0\u8bba\u662f\u7528\u4e8e\u5bb6\u5177\u3001\u88c5\u9970\u8fd8\u662f\u5176\u4ed6\u5e94\u7528\uff0c\u90fd\u80fd\u6ee1\u8db3\u60a8\u9879\u76ee\u7684\u7279\u5b9a\u9700\u6c42\u3002<\/p>\n<h4>\u73af\u4fdd\u3001\u53ef\u6301\u7eed\uff1a<\/h4>\n<p>\u6211\u4eec\u7684\u4e09\u805a\u6c30\u80fa\u5228\u82b1\u677f\u5bc6\u5ea6\u4e3a 650-680 \u516c\u65a4\/\u7acb\u65b9\u7c73\uff0c\u662f\u4f20\u7edf\u6728\u5236\u54c1\u7684\u73af\u4fdd\u66ff\u4ee3\u54c1\uff0c\u53ef\u51cf\u5c11\u9879\u76ee\u5bf9\u73af\u5883\u7684\u5f71\u54cd\u3002<\/p>\n<h4>\u9ad8\u8d28\u91cf\u7684\u8868\u9762\u5904\u7406\uff1a<\/h4>\n<p>\u6211\u4eec\u7684\u4ea7\u54c1\u8868\u9762\u5149\u6ed1\uff0c\u6709\u4e09\u805a\u6c30\u80fa\u3001UV\u3001PET \u548c\u7eaf\u8272\u7b49\u591a\u79cd\u9009\u62e9\uff0c\u786e\u4fdd\u60a8\u7684\u9879\u76ee\u5177\u6709\u4e13\u4e1a\u548c\u73b0\u4ee3\u7684\u5916\u89c2\u3002<\/p>\n<h4>\u5353\u8d8a\u7684\u5ba2\u6237\u652f\u6301\uff1a<\/h4>\n<p>\u6211\u4eec\u63d0\u4f9b\u5728\u7ebf\u6280\u672f\u652f\u6301\uff0c\u8ba9\u60a8\u9ad8\u6795\u65e0\u5fe7\uff0c\u786e\u4fdd\u60a8\u53ef\u4ee5\u4fe1\u8d56\u6211\u4eec\u7684\u4ea7\u54c1\uff0c\u6ee1\u8db3\u60a8\u7684\u6240\u6709\u9879\u76ee\u9700\u6c42\u3002<\/p>","protected":false},"excerpt":{"rendered":"<p><strong>\u9879\u76ee<\/strong>:\u5228\u82b1\u677f\/\u5228\u82b1\u677f<\/p>\n<p><strong>\u5c3a\u5bf8<\/strong>:1220\u00d72440;1220\u00d72745;1220\u00d73050 \u6beb\u7c73\u6216\u5ba2\u6237\u8981\u6c42\u7684\u5c3a\u5bf8<\/p>\n<p><strong>\u539a\u5ea6<\/strong>\uff1a9 \u6beb\u7c73\u81f3 50 \u6beb\u7c73<\/p>\n<p><strong>\u539a\u5ea6\u516c\u5dee<\/strong>:+\/-0.5~1 \u6beb\u7c73<\/p>\n<p><strong>\u9762\u90e8\/\u80cc\u90e8<\/strong>:  \u539f\u8272\u3001\u4e09\u805a\u6c30\u80fa\u7eb9\u7406\u3001\u7eaf\u8272<\/p>\n<p><strong>\u6750\u6599<\/strong>\u5228\u82b1\u677f\u3001MR \u5228\u82b1\u677f\u3001\u4e09\u805a\u6c30\u80fa\u5228\u82b1\u677f<\/p>","protected":false},"featured_media":787,"comment_status":"open","ping_status":"closed","template":"","meta":{"_acf_changed":false},"product_brand":[],"product_cat":[19],"product_tag":[],"class_list":{"0":"post-785","1":"product","2":"type-product","3":"status-publish","4":"has-post-thumbnail","6":"product_cat-furniture-board","8":"first","9":"instock","10":"shipping-taxable","11":"product-type-simple"},"acf":[],"yoast_head":"<!-- This site is optimized with the Yoast SEO plugin v27.4 - https:\/\/yoast.com\/product\/yoast-seo-wordpress\/ -->\n<title>Particle Board P001 - One Stop SPC Flooring Manufacturer<\/title>\n<meta name=\"robots\" content=\"index, follow, max-snippet:-1, max-image-preview:large, max-video-preview:-1\" \/>\n<link rel=\"canonical\" href=\"https:\/\/fushengfloors.com\/zh\/product\/particle-board-p001\/\" \/>\n<meta property=\"og:locale\" content=\"zh_CN\" \/>\n<meta property=\"og:type\" content=\"article\" \/>\n<meta property=\"og:title\" content=\"Particle Board P001 - One Stop SPC Flooring Manufacturer\" \/>\n<meta property=\"og:description\" content=\"Item: PARTICLE BOARD\/CHIPBOARD  Size: 1220x2440;1220x2745;1220x3050 mm or as client&#039;s request  Thickness: 9mm to 50mm  Thickness Tolerance: +\/-0.5~1mm  Face\/Back:\u00a0 Raw, melamine grain, solid color  Material: plain particle board, MR particle board, Melamine particle board\" \/>\n<meta property=\"og:url\" content=\"https:\/\/fushengfloors.com\/zh\/product\/particle-board-p001\/\" \/>\n<meta property=\"og:site_name\" content=\"One Stop SPC Flooring Manufacturer\" \/>\n<meta property=\"article:modified_time\" content=\"2025-06-04T17:02:27+00:00\" \/>\n<meta property=\"og:image\" content=\"https:\/\/fushengfloors.com\/wp-content\/uploads\/2025\/06\/P001.jpg\" \/>\n\t<meta property=\"og:image:width\" content=\"720\" \/>\n\t<meta property=\"og:image:height\" content=\"720\" \/>\n\t<meta property=\"og:image:type\" content=\"image\/jpeg\" \/>\n<meta name=\"twitter:card\" content=\"summary_large_image\" \/>\n<meta name=\"twitter:label1\" content=\"\u9884\u8ba1\u9605\u8bfb\u65f6\u95f4\" \/>\n\t<meta name=\"twitter:data1\" content=\"1 \u5206\" \/>\n<script type=\"application\/ld+json\" class=\"yoast-schema-graph\">{\"@context\":\"https:\\\/\\\/schema.org\",\"@graph\":[{\"@type\":\"WebPage\",\"@id\":\"https:\\\/\\\/fushengfloors.com\\\/product\\\/particle-board-p001\\\/\",\"url\":\"https:\\\/\\\/fushengfloors.com\\\/product\\\/particle-board-p001\\\/\",\"name\":\"Particle Board P001 - One Stop SPC Flooring Manufacturer\",\"isPartOf\":{\"@id\":\"https:\\\/\\\/fushengfloors.com\\\/#website\"},\"primaryImageOfPage\":{\"@id\":\"https:\\\/\\\/fushengfloors.com\\\/product\\\/particle-board-p001\\\/#primaryimage\"},\"image\":{\"@id\":\"https:\\\/\\\/fushengfloors.com\\\/product\\\/particle-board-p001\\\/#primaryimage\"},\"thumbnailUrl\":\"https:\\\/\\\/fushengfloors.com\\\/wp-content\\\/uploads\\\/2025\\\/06\\\/P001.jpg\",\"datePublished\":\"2025-06-04T16:59:29+00:00\",\"dateModified\":\"2025-06-04T17:02:27+00:00\",\"breadcrumb\":{\"@id\":\"https:\\\/\\\/fushengfloors.com\\\/product\\\/particle-board-p001\\\/#breadcrumb\"},\"inLanguage\":\"zh-Hans\",\"potentialAction\":[{\"@type\":\"ReadAction\",\"target\":[\"https:\\\/\\\/fushengfloors.com\\\/product\\\/particle-board-p001\\\/\"]}]},{\"@type\":\"ImageObject\",\"inLanguage\":\"zh-Hans\",\"@id\":\"https:\\\/\\\/fushengfloors.com\\\/product\\\/particle-board-p001\\\/#primaryimage\",\"url\":\"https:\\\/\\\/fushengfloors.com\\\/wp-content\\\/uploads\\\/2025\\\/06\\\/P001.jpg\",\"contentUrl\":\"https:\\\/\\\/fushengfloors.com\\\/wp-content\\\/uploads\\\/2025\\\/06\\\/P001.jpg\",\"width\":720,\"height\":720,\"caption\":\"Product 03\"},{\"@type\":\"BreadcrumbList\",\"@id\":\"https:\\\/\\\/fushengfloors.com\\\/product\\\/particle-board-p001\\\/#breadcrumb\",\"itemListElement\":[{\"@type\":\"ListItem\",\"position\":1,\"name\":\"Home\",\"item\":\"https:\\\/\\\/fushengfloors.com\\\/\"},{\"@type\":\"ListItem\",\"position\":2,\"name\":\"Shop\",\"item\":\"https:\\\/\\\/fushengfloors.com\\\/shop\\\/\"},{\"@type\":\"ListItem\",\"position\":3,\"name\":\"Particle Board P001\"}]},{\"@type\":\"WebSite\",\"@id\":\"https:\\\/\\\/fushengfloors.com\\\/#website\",\"url\":\"https:\\\/\\\/fushengfloors.com\\\/\",\"name\":\"One Stop SPC Flooring Manufacturer\",\"description\":\"\",\"publisher\":{\"@id\":\"https:\\\/\\\/fushengfloors.com\\\/#organization\"},\"potentialAction\":[{\"@type\":\"SearchAction\",\"target\":{\"@type\":\"EntryPoint\",\"urlTemplate\":\"https:\\\/\\\/fushengfloors.com\\\/?s={search_term_string}\"},\"query-input\":{\"@type\":\"PropertyValueSpecification\",\"valueRequired\":true,\"valueName\":\"search_term_string\"}}],\"inLanguage\":\"zh-Hans\"},{\"@type\":\"Organization\",\"@id\":\"https:\\\/\\\/fushengfloors.com\\\/#organization\",\"name\":\"One Stop SPC Flooring Manufacturer\",\"url\":\"https:\\\/\\\/fushengfloors.com\\\/\",\"logo\":{\"@type\":\"ImageObject\",\"inLanguage\":\"zh-Hans\",\"@id\":\"https:\\\/\\\/fushengfloors.com\\\/#\\\/schema\\\/logo\\\/image\\\/\",\"url\":\"https:\\\/\\\/fushengfloors.com\\\/wp-content\\\/uploads\\\/2025\\\/05\\\/LOGO-H.png\",\"contentUrl\":\"https:\\\/\\\/fushengfloors.com\\\/wp-content\\\/uploads\\\/2025\\\/05\\\/LOGO-H.png\",\"width\":500,\"height\":182,\"caption\":\"One Stop SPC Flooring Manufacturer\"},\"image\":{\"@id\":\"https:\\\/\\\/fushengfloors.com\\\/#\\\/schema\\\/logo\\\/image\\\/\"}}]}<\/script>\n<!-- \/ Yoast SEO plugin. -->","yoast_head_json":{"title":"Particle Board P001 - One Stop SPC Flooring Manufacturer","robots":{"index":"index","follow":"follow","max-snippet":"max-snippet:-1","max-image-preview":"max-image-preview:large","max-video-preview":"max-video-preview:-1"},"canonical":"https:\/\/fushengfloors.com\/zh\/product\/particle-board-p001\/","og_locale":"zh_CN","og_type":"article","og_title":"Particle Board P001 - One Stop SPC Flooring Manufacturer","og_description":"Item: PARTICLE BOARD\/CHIPBOARD  Size: 1220x2440;1220x2745;1220x3050 mm or as client's request  Thickness: 9mm to 50mm  Thickness Tolerance: +\/-0.5~1mm  Face\/Back:\u00a0 Raw, melamine grain, solid color  Material: plain particle board, MR particle board, Melamine particle board","og_url":"https:\/\/fushengfloors.com\/zh\/product\/particle-board-p001\/","og_site_name":"One Stop SPC Flooring Manufacturer","article_modified_time":"2025-06-04T17:02:27+00:00","og_image":[{"width":720,"height":720,"url":"https:\/\/fushengfloors.com\/wp-content\/uploads\/2025\/06\/P001.jpg","type":"image\/jpeg"}],"twitter_card":"summary_large_image","twitter_misc":{"\u9884\u8ba1\u9605\u8bfb\u65f6\u95f4":"1 \u5206"},"schema":{"@context":"https:\/\/schema.org","@graph":[{"@type":"WebPage","@id":"https:\/\/fushengfloors.com\/product\/particle-board-p001\/","url":"https:\/\/fushengfloors.com\/product\/particle-board-p001\/","name":"Particle Board P001 - One Stop SPC Flooring Manufacturer","isPartOf":{"@id":"https:\/\/fushengfloors.com\/#website"},"primaryImageOfPage":{"@id":"https:\/\/fushengfloors.com\/product\/particle-board-p001\/#primaryimage"},"image":{"@id":"https:\/\/fushengfloors.com\/product\/particle-board-p001\/#primaryimage"},"thumbnailUrl":"https:\/\/fushengfloors.com\/wp-content\/uploads\/2025\/06\/P001.jpg","datePublished":"2025-06-04T16:59:29+00:00","dateModified":"2025-06-04T17:02:27+00:00","breadcrumb":{"@id":"https:\/\/fushengfloors.com\/product\/particle-board-p001\/#breadcrumb"},"inLanguage":"zh-Hans","potentialAction":[{"@type":"ReadAction","target":["https:\/\/fushengfloors.com\/product\/particle-board-p001\/"]}]},{"@type":"ImageObject","inLanguage":"zh-Hans","@id":"https:\/\/fushengfloors.com\/product\/particle-board-p001\/#primaryimage","url":"https:\/\/fushengfloors.com\/wp-content\/uploads\/2025\/06\/P001.jpg","contentUrl":"https:\/\/fushengfloors.com\/wp-content\/uploads\/2025\/06\/P001.jpg","width":720,"height":720,"caption":"Product 03"},{"@type":"BreadcrumbList","@id":"https:\/\/fushengfloors.com\/product\/particle-board-p001\/#breadcrumb","itemListElement":[{"@type":"ListItem","position":1,"name":"Home","item":"https:\/\/fushengfloors.com\/"},{"@type":"ListItem","position":2,"name":"Shop","item":"https:\/\/fushengfloors.com\/shop\/"},{"@type":"ListItem","position":3,"name":"Particle Board P001"}]},{"@type":"WebSite","@id":"https:\/\/fushengfloors.com\/#website","url":"https:\/\/fushengfloors.com\/","name":"One Stop SPC Flooring Manufacturer","description":"","publisher":{"@id":"https:\/\/fushengfloors.com\/#organization"},"potentialAction":[{"@type":"SearchAction","target":{"@type":"EntryPoint","urlTemplate":"https:\/\/fushengfloors.com\/?s={search_term_string}"},"query-input":{"@type":"PropertyValueSpecification","valueRequired":true,"valueName":"search_term_string"}}],"inLanguage":"zh-Hans"},{"@type":"Organization","@id":"https:\/\/fushengfloors.com\/#organization","name":"One Stop SPC Flooring Manufacturer","url":"https:\/\/fushengfloors.com\/","logo":{"@type":"ImageObject","inLanguage":"zh-Hans","@id":"https:\/\/fushengfloors.com\/#\/schema\/logo\/image\/","url":"https:\/\/fushengfloors.com\/wp-content\/uploads\/2025\/05\/LOGO-H.png","contentUrl":"https:\/\/fushengfloors.com\/wp-content\/uploads\/2025\/05\/LOGO-H.png","width":500,"height":182,"caption":"One Stop SPC Flooring Manufacturer"},"image":{"@id":"https:\/\/fushengfloors.com\/#\/schema\/logo\/image\/"}}]}},"_links":{"self":[{"href":"https:\/\/fushengfloors.com\/zh\/wp-json\/wp\/v2\/product\/785","targetHints":{"allow":["GET"]}}],"collection":[{"href":"https:\/\/fushengfloors.com\/zh\/wp-json\/wp\/v2\/product"}],"about":[{"href":"https:\/\/fushengfloors.com\/zh\/wp-json\/wp\/v2\/types\/product"}],"replies":[{"embeddable":true,"href":"https:\/\/fushengfloors.com\/zh\/wp-json\/wp\/v2\/comments?post=785"}],"wp:featuredmedia":[{"embeddable":true,"href":"https:\/\/fushengfloors.com\/zh\/wp-json\/wp\/v2\/media\/787"}],"wp:attachment":[{"href":"https:\/\/fushengfloors.com\/zh\/wp-json\/wp\/v2\/media?parent=785"}],"wp:term":[{"taxonomy":"product_brand","embeddable":true,"href":"https:\/\/fushengfloors.com\/zh\/wp-json\/wp\/v2\/product_brand?post=785"},{"taxonomy":"product_cat","embeddable":true,"href":"https:\/\/fushengfloors.com\/zh\/wp-json\/wp\/v2\/product_cat?post=785"},{"taxonomy":"product_tag","embeddable":true,"href":"https:\/\/fushengfloors.com\/zh\/wp-json\/wp\/v2\/product_tag?post=785"}],"curies":[{"name":"wp","href":"https:\/\/api.w.org\/{rel}","templated":true}]}}