{"id":804,"date":"2025-06-04T17:08:31","date_gmt":"2025-06-04T17:08:31","guid":{"rendered":"https:\/\/fushengfloors.com\/?post_type=product&#038;p=804"},"modified":"2025-06-04T17:09:11","modified_gmt":"2025-06-04T17:09:11","slug":"particle-board-p010","status":"publish","type":"product","link":"https:\/\/fushengfloors.com\/fr\/produit\/particle-board-p010\/","title":{"rendered":"Panneau de particules P010"},"content":{"rendered":"<h4>Durable et de longue dur\u00e9e :<\/h4>\n<p>Nos panneaux de particules sont fabriqu\u00e9s avec une structure \u00e0 trois couches, ce qui leur conf\u00e8re une excellente durabilit\u00e9 et une grande r\u00e9sistance \u00e0 l'usure. Ils sont donc parfaits pour une utilisation dans des lieux tr\u00e8s fr\u00e9quent\u00e9s tels que les appartements et les espaces commerciaux.<\/p>\n<h4>Options de taille personnalisables :<\/h4>\n<p>Disponible en diff\u00e9rentes \u00e9paisseurs (8-44 mm) et dimensions (1220x2440 mm ou dimensions personnalis\u00e9es), ce produit peut \u00eatre adapt\u00e9 aux besoins sp\u00e9cifiques de votre projet, qu'il s'agisse de mobilier, de d\u00e9coration ou d'autres applications.<\/p>\n<h4>Respectueux de l'environnement et durable :<\/h4>\n<p>Avec une densit\u00e9 de 650-680kg\/m3, notre panneau de particules m\u00e9lamin\u00e9 est une alternative \u00e9cologique aux produits en bois traditionnels, r\u00e9duisant ainsi l'impact environnemental de votre projet.<\/p>\n<h4>Finition de haute qualit\u00e9 :<\/h4>\n<p>Notre produit pr\u00e9sente une surface lisse et finie, disponible dans diff\u00e9rentes options telles que la m\u00e9lamine, l'UV, le PET et l'uni, garantissant un aspect professionnel et moderne \u00e0 votre projet.<\/p>\n<h4>Excellente assistance \u00e0 la client\u00e8le :<\/h4>\n<p>Nous offrons une assistance technique en ligne, ce qui vous permet d'avoir l'esprit tranquille et de vous assurer que vous pouvez compter sur notre produit pour tous les besoins de votre projet.<\/p>","protected":false},"excerpt":{"rendered":"<p><strong>Objet<\/strong>: PANNEAUX DE PARTICULES\/AGGLOM\u00c9R\u00c9S<\/p>\n<p><strong>Taille<\/strong>: 1220\u00d72440;1220\u00d72745;1220\u00d73050 mm ou selon la demande du client<\/p>\n<p><strong>\u00c9paisseur<\/strong>: 9mm \u00e0 50mm<\/p>\n<p><strong>Tol\u00e9rance d'\u00e9paisseur<\/strong>: +\/-0,5~1mm<\/p>\n<p><strong>Face\/Arri\u00e8re<\/strong>:  Brut, grain m\u00e9lamin\u00e9, couleur unie<\/p>\n<p><strong>Mat\u00e9riau<\/strong>Panneaux de particules : panneaux de particules simples, panneaux de particules MR, panneaux de particules m\u00e9lamin\u00e9s<\/p>","protected":false},"featured_media":786,"comment_status":"open","ping_status":"closed","template":"","meta":{"_acf_changed":false},"product_brand":[],"product_cat":[19],"product_tag":[],"class_list":{"0":"post-804","1":"product","2":"type-product","3":"status-publish","4":"has-post-thumbnail","6":"product_cat-furniture-board","8":"first","9":"instock","10":"shipping-taxable","11":"product-type-simple"},"acf":[],"yoast_head":"<!-- This site is optimized with the Yoast SEO plugin v27.4 - https:\/\/yoast.com\/product\/yoast-seo-wordpress\/ -->\n<title>Particle Board P010 - One Stop SPC Flooring Manufacturer<\/title>\n<meta name=\"robots\" content=\"index, follow, max-snippet:-1, max-image-preview:large, max-video-preview:-1\" \/>\n<link rel=\"canonical\" href=\"https:\/\/fushengfloors.com\/fr\/produit\/particle-board-p010\/\" \/>\n<meta property=\"og:locale\" content=\"fr_FR\" \/>\n<meta property=\"og:type\" content=\"article\" \/>\n<meta property=\"og:title\" content=\"Particle Board P010 - One Stop SPC Flooring Manufacturer\" \/>\n<meta property=\"og:description\" content=\"Item: PARTICLE BOARD\/CHIPBOARD  Size: 1220x2440;1220x2745;1220x3050 mm or as client&#039;s request  Thickness: 9mm to 50mm  Thickness Tolerance: +\/-0.5~1mm  Face\/Back:\u00a0 Raw, melamine grain, solid color  Material: plain particle board, MR particle board, Melamine particle board\" \/>\n<meta property=\"og:url\" content=\"https:\/\/fushengfloors.com\/fr\/produit\/particle-board-p010\/\" \/>\n<meta property=\"og:site_name\" content=\"One Stop SPC Flooring Manufacturer\" \/>\n<meta property=\"article:modified_time\" content=\"2025-06-04T17:09:11+00:00\" \/>\n<meta property=\"og:image\" content=\"https:\/\/fushengfloors.com\/wp-content\/uploads\/2025\/06\/P010.jpg\" \/>\n\t<meta property=\"og:image:width\" content=\"720\" \/>\n\t<meta property=\"og:image:height\" content=\"720\" \/>\n\t<meta property=\"og:image:type\" content=\"image\/jpeg\" \/>\n<meta name=\"twitter:card\" content=\"summary_large_image\" \/>\n<meta name=\"twitter:label1\" content=\"Dur\u00e9e de lecture estim\u00e9e\" \/>\n\t<meta name=\"twitter:data1\" content=\"1 minute\" \/>\n<script type=\"application\/ld+json\" class=\"yoast-schema-graph\">{\"@context\":\"https:\\\/\\\/schema.org\",\"@graph\":[{\"@type\":\"WebPage\",\"@id\":\"https:\\\/\\\/fushengfloors.com\\\/product\\\/particle-board-p010\\\/\",\"url\":\"https:\\\/\\\/fushengfloors.com\\\/product\\\/particle-board-p010\\\/\",\"name\":\"Particle Board P010 - One Stop SPC Flooring Manufacturer\",\"isPartOf\":{\"@id\":\"https:\\\/\\\/fushengfloors.com\\\/#website\"},\"primaryImageOfPage\":{\"@id\":\"https:\\\/\\\/fushengfloors.com\\\/product\\\/particle-board-p010\\\/#primaryimage\"},\"image\":{\"@id\":\"https:\\\/\\\/fushengfloors.com\\\/product\\\/particle-board-p010\\\/#primaryimage\"},\"thumbnailUrl\":\"https:\\\/\\\/fushengfloors.com\\\/wp-content\\\/uploads\\\/2025\\\/06\\\/P010.jpg\",\"datePublished\":\"2025-06-04T17:08:31+00:00\",\"dateModified\":\"2025-06-04T17:09:11+00:00\",\"breadcrumb\":{\"@id\":\"https:\\\/\\\/fushengfloors.com\\\/product\\\/particle-board-p010\\\/#breadcrumb\"},\"inLanguage\":\"fr-FR\",\"potentialAction\":[{\"@type\":\"ReadAction\",\"target\":[\"https:\\\/\\\/fushengfloors.com\\\/product\\\/particle-board-p010\\\/\"]}]},{\"@type\":\"ImageObject\",\"inLanguage\":\"fr-FR\",\"@id\":\"https:\\\/\\\/fushengfloors.com\\\/product\\\/particle-board-p010\\\/#primaryimage\",\"url\":\"https:\\\/\\\/fushengfloors.com\\\/wp-content\\\/uploads\\\/2025\\\/06\\\/P010.jpg\",\"contentUrl\":\"https:\\\/\\\/fushengfloors.com\\\/wp-content\\\/uploads\\\/2025\\\/06\\\/P010.jpg\",\"width\":720,\"height\":720,\"caption\":\"P010\"},{\"@type\":\"BreadcrumbList\",\"@id\":\"https:\\\/\\\/fushengfloors.com\\\/product\\\/particle-board-p010\\\/#breadcrumb\",\"itemListElement\":[{\"@type\":\"ListItem\",\"position\":1,\"name\":\"Home\",\"item\":\"https:\\\/\\\/fushengfloors.com\\\/\"},{\"@type\":\"ListItem\",\"position\":2,\"name\":\"Shop\",\"item\":\"https:\\\/\\\/fushengfloors.com\\\/shop\\\/\"},{\"@type\":\"ListItem\",\"position\":3,\"name\":\"Particle Board P010\"}]},{\"@type\":\"WebSite\",\"@id\":\"https:\\\/\\\/fushengfloors.com\\\/#website\",\"url\":\"https:\\\/\\\/fushengfloors.com\\\/\",\"name\":\"One Stop SPC Flooring Manufacturer\",\"description\":\"\",\"publisher\":{\"@id\":\"https:\\\/\\\/fushengfloors.com\\\/#organization\"},\"potentialAction\":[{\"@type\":\"SearchAction\",\"target\":{\"@type\":\"EntryPoint\",\"urlTemplate\":\"https:\\\/\\\/fushengfloors.com\\\/?s={search_term_string}\"},\"query-input\":{\"@type\":\"PropertyValueSpecification\",\"valueRequired\":true,\"valueName\":\"search_term_string\"}}],\"inLanguage\":\"fr-FR\"},{\"@type\":\"Organization\",\"@id\":\"https:\\\/\\\/fushengfloors.com\\\/#organization\",\"name\":\"One Stop SPC Flooring Manufacturer\",\"url\":\"https:\\\/\\\/fushengfloors.com\\\/\",\"logo\":{\"@type\":\"ImageObject\",\"inLanguage\":\"fr-FR\",\"@id\":\"https:\\\/\\\/fushengfloors.com\\\/#\\\/schema\\\/logo\\\/image\\\/\",\"url\":\"https:\\\/\\\/fushengfloors.com\\\/wp-content\\\/uploads\\\/2025\\\/05\\\/LOGO-H.png\",\"contentUrl\":\"https:\\\/\\\/fushengfloors.com\\\/wp-content\\\/uploads\\\/2025\\\/05\\\/LOGO-H.png\",\"width\":500,\"height\":182,\"caption\":\"One Stop SPC Flooring Manufacturer\"},\"image\":{\"@id\":\"https:\\\/\\\/fushengfloors.com\\\/#\\\/schema\\\/logo\\\/image\\\/\"}}]}<\/script>\n<!-- \/ Yoast SEO plugin. -->","yoast_head_json":{"title":"Particle Board P010 - One Stop SPC Flooring Manufacturer","robots":{"index":"index","follow":"follow","max-snippet":"max-snippet:-1","max-image-preview":"max-image-preview:large","max-video-preview":"max-video-preview:-1"},"canonical":"https:\/\/fushengfloors.com\/fr\/produit\/particle-board-p010\/","og_locale":"fr_FR","og_type":"article","og_title":"Particle Board P010 - One Stop SPC Flooring Manufacturer","og_description":"Item: PARTICLE BOARD\/CHIPBOARD  Size: 1220x2440;1220x2745;1220x3050 mm or as client's request  Thickness: 9mm to 50mm  Thickness Tolerance: +\/-0.5~1mm  Face\/Back:\u00a0 Raw, melamine grain, solid color  Material: plain particle board, MR particle board, Melamine particle board","og_url":"https:\/\/fushengfloors.com\/fr\/produit\/particle-board-p010\/","og_site_name":"One Stop SPC Flooring Manufacturer","article_modified_time":"2025-06-04T17:09:11+00:00","og_image":[{"width":720,"height":720,"url":"https:\/\/fushengfloors.com\/wp-content\/uploads\/2025\/06\/P010.jpg","type":"image\/jpeg"}],"twitter_card":"summary_large_image","twitter_misc":{"Dur\u00e9e de lecture estim\u00e9e":"1 minute"},"schema":{"@context":"https:\/\/schema.org","@graph":[{"@type":"WebPage","@id":"https:\/\/fushengfloors.com\/product\/particle-board-p010\/","url":"https:\/\/fushengfloors.com\/product\/particle-board-p010\/","name":"Particle Board P010 - One Stop SPC Flooring Manufacturer","isPartOf":{"@id":"https:\/\/fushengfloors.com\/#website"},"primaryImageOfPage":{"@id":"https:\/\/fushengfloors.com\/product\/particle-board-p010\/#primaryimage"},"image":{"@id":"https:\/\/fushengfloors.com\/product\/particle-board-p010\/#primaryimage"},"thumbnailUrl":"https:\/\/fushengfloors.com\/wp-content\/uploads\/2025\/06\/P010.jpg","datePublished":"2025-06-04T17:08:31+00:00","dateModified":"2025-06-04T17:09:11+00:00","breadcrumb":{"@id":"https:\/\/fushengfloors.com\/product\/particle-board-p010\/#breadcrumb"},"inLanguage":"fr-FR","potentialAction":[{"@type":"ReadAction","target":["https:\/\/fushengfloors.com\/product\/particle-board-p010\/"]}]},{"@type":"ImageObject","inLanguage":"fr-FR","@id":"https:\/\/fushengfloors.com\/product\/particle-board-p010\/#primaryimage","url":"https:\/\/fushengfloors.com\/wp-content\/uploads\/2025\/06\/P010.jpg","contentUrl":"https:\/\/fushengfloors.com\/wp-content\/uploads\/2025\/06\/P010.jpg","width":720,"height":720,"caption":"P010"},{"@type":"BreadcrumbList","@id":"https:\/\/fushengfloors.com\/product\/particle-board-p010\/#breadcrumb","itemListElement":[{"@type":"ListItem","position":1,"name":"Home","item":"https:\/\/fushengfloors.com\/"},{"@type":"ListItem","position":2,"name":"Shop","item":"https:\/\/fushengfloors.com\/shop\/"},{"@type":"ListItem","position":3,"name":"Particle Board P010"}]},{"@type":"WebSite","@id":"https:\/\/fushengfloors.com\/#website","url":"https:\/\/fushengfloors.com\/","name":"One Stop SPC Flooring Manufacturer","description":"","publisher":{"@id":"https:\/\/fushengfloors.com\/#organization"},"potentialAction":[{"@type":"SearchAction","target":{"@type":"EntryPoint","urlTemplate":"https:\/\/fushengfloors.com\/?s={search_term_string}"},"query-input":{"@type":"PropertyValueSpecification","valueRequired":true,"valueName":"search_term_string"}}],"inLanguage":"fr-FR"},{"@type":"Organization","@id":"https:\/\/fushengfloors.com\/#organization","name":"One Stop SPC Flooring Manufacturer","url":"https:\/\/fushengfloors.com\/","logo":{"@type":"ImageObject","inLanguage":"fr-FR","@id":"https:\/\/fushengfloors.com\/#\/schema\/logo\/image\/","url":"https:\/\/fushengfloors.com\/wp-content\/uploads\/2025\/05\/LOGO-H.png","contentUrl":"https:\/\/fushengfloors.com\/wp-content\/uploads\/2025\/05\/LOGO-H.png","width":500,"height":182,"caption":"One Stop SPC Flooring Manufacturer"},"image":{"@id":"https:\/\/fushengfloors.com\/#\/schema\/logo\/image\/"}}]}},"_links":{"self":[{"href":"https:\/\/fushengfloors.com\/fr\/wp-json\/wp\/v2\/product\/804","targetHints":{"allow":["GET"]}}],"collection":[{"href":"https:\/\/fushengfloors.com\/fr\/wp-json\/wp\/v2\/product"}],"about":[{"href":"https:\/\/fushengfloors.com\/fr\/wp-json\/wp\/v2\/types\/product"}],"replies":[{"embeddable":true,"href":"https:\/\/fushengfloors.com\/fr\/wp-json\/wp\/v2\/comments?post=804"}],"wp:featuredmedia":[{"embeddable":true,"href":"https:\/\/fushengfloors.com\/fr\/wp-json\/wp\/v2\/media\/786"}],"wp:attachment":[{"href":"https:\/\/fushengfloors.com\/fr\/wp-json\/wp\/v2\/media?parent=804"}],"wp:term":[{"taxonomy":"product_brand","embeddable":true,"href":"https:\/\/fushengfloors.com\/fr\/wp-json\/wp\/v2\/product_brand?post=804"},{"taxonomy":"product_cat","embeddable":true,"href":"https:\/\/fushengfloors.com\/fr\/wp-json\/wp\/v2\/product_cat?post=804"},{"taxonomy":"product_tag","embeddable":true,"href":"https:\/\/fushengfloors.com\/fr\/wp-json\/wp\/v2\/product_tag?post=804"}],"curies":[{"name":"wp","href":"https:\/\/api.w.org\/{rel}","templated":true}]}}