{"id":1287,"date":"2025-06-26T01:16:29","date_gmt":"2025-06-26T01:16:29","guid":{"rendered":"https:\/\/fushengfloors.com\/?post_type=product&#038;p=1287"},"modified":"2025-06-26T04:57:11","modified_gmt":"2025-06-26T04:57:11","slug":"spc-flooring-8105","status":"publish","type":"product","link":"https:\/\/fushengfloors.com\/fr\/produit\/spc-flooring-8105\/","title":{"rendered":"SPC Flooring 8105"},"content":{"rendered":"<p><img fetchpriority=\"high\" decoding=\"async\" class=\"alignnone wp-image-416 size-full\" src=\"https:\/\/fushengfloors.com\/wp-content\/uploads\/2025\/05\/83-\u4e2d\u56fd\u5236\u9020\u65b0\u8be6\u60c5\u9875\u65e0\u8272_01.jpg\" alt=\"83 \u4e2d\u56fd\u5236\u9020\u65b0\u8be6\u60c5\u9875\u65e0\u8272 01\" width=\"1060\" height=\"1130\" srcset=\"https:\/\/fushengfloors.com\/wp-content\/uploads\/2025\/05\/83-\u4e2d\u56fd\u5236\u9020\u65b0\u8be6\u60c5\u9875\u65e0\u8272_01.jpg 1060w, https:\/\/fushengfloors.com\/wp-content\/uploads\/2025\/05\/83-\u4e2d\u56fd\u5236\u9020\u65b0\u8be6\u60c5\u9875\u65e0\u8272_01-600x640.jpg 600w, https:\/\/fushengfloors.com\/wp-content\/uploads\/2025\/05\/83-\u4e2d\u56fd\u5236\u9020\u65b0\u8be6\u60c5\u9875\u65e0\u8272_01-281x300.jpg 281w, https:\/\/fushengfloors.com\/wp-content\/uploads\/2025\/05\/83-\u4e2d\u56fd\u5236\u9020\u65b0\u8be6\u60c5\u9875\u65e0\u8272_01-961x1024.jpg 961w, https:\/\/fushengfloors.com\/wp-content\/uploads\/2025\/05\/83-\u4e2d\u56fd\u5236\u9020\u65b0\u8be6\u60c5\u9875\u65e0\u8272_01-768x819.jpg 768w\" sizes=\"(max-width: 1060px) 100vw, 1060px\" \/> <img decoding=\"async\" class=\"alignnone wp-image-417 size-full\" src=\"https:\/\/fushengfloors.com\/wp-content\/uploads\/2025\/05\/83-\u4e2d\u56fd\u5236\u9020\u65b0\u8be6\u60c5\u9875\u65e0\u8272_02.jpg\" alt=\"83 \u4e2d\u56fd\u5236\u9020\u65b0\u8be6\u60c5\u9875\u65e0\u8272 02\" width=\"1060\" height=\"1503\" srcset=\"https:\/\/fushengfloors.com\/wp-content\/uploads\/2025\/05\/83-\u4e2d\u56fd\u5236\u9020\u65b0\u8be6\u60c5\u9875\u65e0\u8272_02.jpg 1060w, https:\/\/fushengfloors.com\/wp-content\/uploads\/2025\/05\/83-\u4e2d\u56fd\u5236\u9020\u65b0\u8be6\u60c5\u9875\u65e0\u8272_02-600x851.jpg 600w, https:\/\/fushengfloors.com\/wp-content\/uploads\/2025\/05\/83-\u4e2d\u56fd\u5236\u9020\u65b0\u8be6\u60c5\u9875\u65e0\u8272_02-212x300.jpg 212w, https:\/\/fushengfloors.com\/wp-content\/uploads\/2025\/05\/83-\u4e2d\u56fd\u5236\u9020\u65b0\u8be6\u60c5\u9875\u65e0\u8272_02-722x1024.jpg 722w, https:\/\/fushengfloors.com\/wp-content\/uploads\/2025\/05\/83-\u4e2d\u56fd\u5236\u9020\u65b0\u8be6\u60c5\u9875\u65e0\u8272_02-768x1089.jpg 768w\" sizes=\"(max-width: 1060px) 100vw, 1060px\" \/> <img decoding=\"async\" class=\"alignnone wp-image-418 size-full\" src=\"https:\/\/fushengfloors.com\/wp-content\/uploads\/2025\/05\/83-\u4e2d\u56fd\u5236\u9020\u65b0\u8be6\u60c5\u9875\u65e0\u8272_03.jpg\" alt=\"83 \u4e2d\u56fd\u5236\u9020\u65b0\u8be6\u60c5\u9875\u65e0\u8272 03\" width=\"1060\" height=\"1077\" srcset=\"https:\/\/fushengfloors.com\/wp-content\/uploads\/2025\/05\/83-\u4e2d\u56fd\u5236\u9020\u65b0\u8be6\u60c5\u9875\u65e0\u8272_03.jpg 1060w, https:\/\/fushengfloors.com\/wp-content\/uploads\/2025\/05\/83-\u4e2d\u56fd\u5236\u9020\u65b0\u8be6\u60c5\u9875\u65e0\u8272_03-600x610.jpg 600w, https:\/\/fushengfloors.com\/wp-content\/uploads\/2025\/05\/83-\u4e2d\u56fd\u5236\u9020\u65b0\u8be6\u60c5\u9875\u65e0\u8272_03-295x300.jpg 295w, https:\/\/fushengfloors.com\/wp-content\/uploads\/2025\/05\/83-\u4e2d\u56fd\u5236\u9020\u65b0\u8be6\u60c5\u9875\u65e0\u8272_03-1008x1024.jpg 1008w, https:\/\/fushengfloors.com\/wp-content\/uploads\/2025\/05\/83-\u4e2d\u56fd\u5236\u9020\u65b0\u8be6\u60c5\u9875\u65e0\u8272_03-768x780.jpg 768w\" sizes=\"(max-width: 1060px) 100vw, 1060px\" \/> <img loading=\"lazy\" decoding=\"async\" class=\"alignnone wp-image-419 size-full\" src=\"https:\/\/fushengfloors.com\/wp-content\/uploads\/2025\/05\/83-\u4e2d\u56fd\u5236\u9020\u65b0\u8be6\u60c5\u9875\u65e0\u8272_04.jpg\" alt=\"83 \u4e2d\u56fd\u5236\u9020\u65b0\u8be6\u60c5\u9875\u65e0\u8272 04\" width=\"1060\" height=\"1294\" srcset=\"https:\/\/fushengfloors.com\/wp-content\/uploads\/2025\/05\/83-\u4e2d\u56fd\u5236\u9020\u65b0\u8be6\u60c5\u9875\u65e0\u8272_04.jpg 1060w, https:\/\/fushengfloors.com\/wp-content\/uploads\/2025\/05\/83-\u4e2d\u56fd\u5236\u9020\u65b0\u8be6\u60c5\u9875\u65e0\u8272_04-600x732.jpg 600w, https:\/\/fushengfloors.com\/wp-content\/uploads\/2025\/05\/83-\u4e2d\u56fd\u5236\u9020\u65b0\u8be6\u60c5\u9875\u65e0\u8272_04-246x300.jpg 246w, https:\/\/fushengfloors.com\/wp-content\/uploads\/2025\/05\/83-\u4e2d\u56fd\u5236\u9020\u65b0\u8be6\u60c5\u9875\u65e0\u8272_04-839x1024.jpg 839w, https:\/\/fushengfloors.com\/wp-content\/uploads\/2025\/05\/83-\u4e2d\u56fd\u5236\u9020\u65b0\u8be6\u60c5\u9875\u65e0\u8272_04-768x938.jpg 768w\" sizes=\"(max-width: 1060px) 100vw, 1060px\" \/> <img loading=\"lazy\" decoding=\"async\" class=\"alignnone wp-image-420 size-full\" src=\"https:\/\/fushengfloors.com\/wp-content\/uploads\/2025\/05\/83-\u4e2d\u56fd\u5236\u9020\u65b0\u8be6\u60c5\u9875\u65e0\u8272_05.jpg\" alt=\"83 \u4e2d\u56fd\u5236\u9020\u65b0\u8be6\u60c5\u9875\u65e0\u8272 05\" width=\"1060\" height=\"1262\" srcset=\"https:\/\/fushengfloors.com\/wp-content\/uploads\/2025\/05\/83-\u4e2d\u56fd\u5236\u9020\u65b0\u8be6\u60c5\u9875\u65e0\u8272_05.jpg 1060w, https:\/\/fushengfloors.com\/wp-content\/uploads\/2025\/05\/83-\u4e2d\u56fd\u5236\u9020\u65b0\u8be6\u60c5\u9875\u65e0\u8272_05-600x714.jpg 600w, https:\/\/fushengfloors.com\/wp-content\/uploads\/2025\/05\/83-\u4e2d\u56fd\u5236\u9020\u65b0\u8be6\u60c5\u9875\u65e0\u8272_05-252x300.jpg 252w, https:\/\/fushengfloors.com\/wp-content\/uploads\/2025\/05\/83-\u4e2d\u56fd\u5236\u9020\u65b0\u8be6\u60c5\u9875\u65e0\u8272_05-860x1024.jpg 860w, https:\/\/fushengfloors.com\/wp-content\/uploads\/2025\/05\/83-\u4e2d\u56fd\u5236\u9020\u65b0\u8be6\u60c5\u9875\u65e0\u8272_05-768x914.jpg 768w\" sizes=\"(max-width: 1060px) 100vw, 1060px\" \/><\/p>","protected":false},"excerpt":{"rendered":"<p><strong>Taille du parquet SPC<\/strong><\/p>\n<p><strong>\u00c9paisseur<\/strong>: 4.0mm\/5.0mm\/6.0mm\/6.5mm\/7.5mm<\/p>\n<p><strong>Taille<\/strong>: 180*1220mm\/228*1520mm\/125*750mm<\/p>\n<p>Le rev\u00eatement de sol SPC est un choix de premier ordre pour ceux qui recherchent une solution de rev\u00eatement de sol 100% \u00e9tanche, ultra-durable, ind\u00e9formable et d'aspect r\u00e9aliste. Son \u00e2me rigide en plastique pierre offre des performances exceptionnelles dans les environnements exigeants, tandis que le syst\u00e8me d'encliquetage rend l'installation relativement simple. Il allie la praticit\u00e9 du vinyle \u00e0 l'esth\u00e9tique des mat\u00e9riaux naturels.<\/p>\n<p><strong>Applications :<\/strong><\/p>\n<p><strong>R\u00e9sidentiel<\/strong>: Cuisines, salles de bains, buanderies, sous-sols, salons, chambres \u00e0 coucher, entr\u00e9es.<\/p>\n<p><strong>Commercial<\/strong>: Magasins de d\u00e9tail, bureaux, restaurants (devanture), h\u00f4tels, salles de classe, soins de sant\u00e9, industrie l\u00e9g\u00e8re.<\/p>","protected":false},"featured_media":1222,"comment_status":"open","ping_status":"closed","template":"","meta":{"_acf_changed":false},"product_brand":[],"product_cat":[17],"product_tag":[],"class_list":{"0":"post-1287","1":"product","2":"type-product","3":"status-publish","4":"has-post-thumbnail","6":"product_cat-spc-flooring","8":"first","9":"instock","10":"shipping-taxable","11":"product-type-simple"},"acf":[],"yoast_head":"<!-- This site is optimized with the Yoast SEO plugin v27.4 - https:\/\/yoast.com\/product\/yoast-seo-wordpress\/ -->\n<title>SPC Flooring 8105 - One Stop SPC Flooring Manufacturer<\/title>\n<meta name=\"robots\" content=\"index, follow, max-snippet:-1, max-image-preview:large, max-video-preview:-1\" \/>\n<link rel=\"canonical\" href=\"https:\/\/fushengfloors.com\/fr\/produit\/spc-flooring-8105\/\" \/>\n<meta property=\"og:locale\" content=\"fr_FR\" \/>\n<meta property=\"og:type\" content=\"article\" \/>\n<meta property=\"og:title\" content=\"SPC Flooring 8105 - One Stop SPC Flooring Manufacturer\" \/>\n<meta property=\"og:description\" content=\"SPC Flooring Size  Thickness: 4.0mm\/5.0mm\/6.0mm\/6.5mm\/7.5mm  Size: 180*1220mm\/228*1520mm\/125*750mm  SPC flooring is a top-tier choice for those seeking a 100% waterproof, ultra-durable, dimensionally stable, and realistic-looking flooring solution. Its rigid stone-plastic core provides exceptional performance in demanding environments, while the click-lock system makes installation relatively straightforward. It combines the practicality of vinyl with the aesthetics of natural materials.  Applications:  Residential: Kitchens, Bathrooms, Laundry Rooms, Basements, Living Areas, Bedrooms, Entryways.  Commercial: Retail Stores, Offices, Restaurants (front of house), Hotels, Classrooms, Healthcare , Light Industrial.\" \/>\n<meta property=\"og:url\" content=\"https:\/\/fushengfloors.com\/fr\/produit\/spc-flooring-8105\/\" \/>\n<meta property=\"og:site_name\" content=\"One Stop SPC Flooring Manufacturer\" \/>\n<meta property=\"article:modified_time\" content=\"2025-06-26T04:57:11+00:00\" \/>\n<meta property=\"og:image\" content=\"https:\/\/fushengfloors.com\/wp-content\/uploads\/2025\/06\/8105-3.jpg\" \/>\n\t<meta property=\"og:image:width\" content=\"1000\" \/>\n\t<meta property=\"og:image:height\" content=\"1000\" \/>\n\t<meta property=\"og:image:type\" content=\"image\/jpeg\" \/>\n<meta name=\"twitter:card\" content=\"summary_large_image\" \/>\n<meta name=\"twitter:label1\" content=\"Dur\u00e9e de lecture estim\u00e9e\" \/>\n\t<meta name=\"twitter:data1\" content=\"2 minutes\" \/>\n<script type=\"application\/ld+json\" class=\"yoast-schema-graph\">{\"@context\":\"https:\\\/\\\/schema.org\",\"@graph\":[{\"@type\":\"WebPage\",\"@id\":\"https:\\\/\\\/fushengfloors.com\\\/product\\\/spc-flooring-8105\\\/\",\"url\":\"https:\\\/\\\/fushengfloors.com\\\/product\\\/spc-flooring-8105\\\/\",\"name\":\"SPC Flooring 8105 - One Stop SPC Flooring Manufacturer\",\"isPartOf\":{\"@id\":\"https:\\\/\\\/fushengfloors.com\\\/#website\"},\"primaryImageOfPage\":{\"@id\":\"https:\\\/\\\/fushengfloors.com\\\/product\\\/spc-flooring-8105\\\/#primaryimage\"},\"image\":{\"@id\":\"https:\\\/\\\/fushengfloors.com\\\/product\\\/spc-flooring-8105\\\/#primaryimage\"},\"thumbnailUrl\":\"https:\\\/\\\/fushengfloors.com\\\/wp-content\\\/uploads\\\/2025\\\/06\\\/8105-3.jpg\",\"datePublished\":\"2025-06-26T01:16:29+00:00\",\"dateModified\":\"2025-06-26T04:57:11+00:00\",\"breadcrumb\":{\"@id\":\"https:\\\/\\\/fushengfloors.com\\\/product\\\/spc-flooring-8105\\\/#breadcrumb\"},\"inLanguage\":\"fr-FR\",\"potentialAction\":[{\"@type\":\"ReadAction\",\"target\":[\"https:\\\/\\\/fushengfloors.com\\\/product\\\/spc-flooring-8105\\\/\"]}]},{\"@type\":\"ImageObject\",\"inLanguage\":\"fr-FR\",\"@id\":\"https:\\\/\\\/fushengfloors.com\\\/product\\\/spc-flooring-8105\\\/#primaryimage\",\"url\":\"https:\\\/\\\/fushengfloors.com\\\/wp-content\\\/uploads\\\/2025\\\/06\\\/8105-3.jpg\",\"contentUrl\":\"https:\\\/\\\/fushengfloors.com\\\/wp-content\\\/uploads\\\/2025\\\/06\\\/8105-3.jpg\",\"width\":1000,\"height\":1000,\"caption\":\"8105 3\"},{\"@type\":\"BreadcrumbList\",\"@id\":\"https:\\\/\\\/fushengfloors.com\\\/product\\\/spc-flooring-8105\\\/#breadcrumb\",\"itemListElement\":[{\"@type\":\"ListItem\",\"position\":1,\"name\":\"Home\",\"item\":\"https:\\\/\\\/fushengfloors.com\\\/\"},{\"@type\":\"ListItem\",\"position\":2,\"name\":\"Shop\",\"item\":\"https:\\\/\\\/fushengfloors.com\\\/shop\\\/\"},{\"@type\":\"ListItem\",\"position\":3,\"name\":\"SPC Flooring 8105\"}]},{\"@type\":\"WebSite\",\"@id\":\"https:\\\/\\\/fushengfloors.com\\\/#website\",\"url\":\"https:\\\/\\\/fushengfloors.com\\\/\",\"name\":\"One Stop SPC Flooring Manufacturer\",\"description\":\"\",\"publisher\":{\"@id\":\"https:\\\/\\\/fushengfloors.com\\\/#organization\"},\"potentialAction\":[{\"@type\":\"SearchAction\",\"target\":{\"@type\":\"EntryPoint\",\"urlTemplate\":\"https:\\\/\\\/fushengfloors.com\\\/?s={search_term_string}\"},\"query-input\":{\"@type\":\"PropertyValueSpecification\",\"valueRequired\":true,\"valueName\":\"search_term_string\"}}],\"inLanguage\":\"fr-FR\"},{\"@type\":\"Organization\",\"@id\":\"https:\\\/\\\/fushengfloors.com\\\/#organization\",\"name\":\"One Stop SPC Flooring Manufacturer\",\"url\":\"https:\\\/\\\/fushengfloors.com\\\/\",\"logo\":{\"@type\":\"ImageObject\",\"inLanguage\":\"fr-FR\",\"@id\":\"https:\\\/\\\/fushengfloors.com\\\/#\\\/schema\\\/logo\\\/image\\\/\",\"url\":\"https:\\\/\\\/fushengfloors.com\\\/wp-content\\\/uploads\\\/2025\\\/05\\\/LOGO-H.png\",\"contentUrl\":\"https:\\\/\\\/fushengfloors.com\\\/wp-content\\\/uploads\\\/2025\\\/05\\\/LOGO-H.png\",\"width\":500,\"height\":182,\"caption\":\"One Stop SPC Flooring Manufacturer\"},\"image\":{\"@id\":\"https:\\\/\\\/fushengfloors.com\\\/#\\\/schema\\\/logo\\\/image\\\/\"}}]}<\/script>\n<!-- \/ Yoast SEO plugin. -->","yoast_head_json":{"title":"SPC Flooring 8105 - One Stop SPC Flooring Manufacturer","robots":{"index":"index","follow":"follow","max-snippet":"max-snippet:-1","max-image-preview":"max-image-preview:large","max-video-preview":"max-video-preview:-1"},"canonical":"https:\/\/fushengfloors.com\/fr\/produit\/spc-flooring-8105\/","og_locale":"fr_FR","og_type":"article","og_title":"SPC Flooring 8105 - One Stop SPC Flooring Manufacturer","og_description":"SPC Flooring Size  Thickness: 4.0mm\/5.0mm\/6.0mm\/6.5mm\/7.5mm  Size: 180*1220mm\/228*1520mm\/125*750mm  SPC flooring is a top-tier choice for those seeking a 100% waterproof, ultra-durable, dimensionally stable, and realistic-looking flooring solution. Its rigid stone-plastic core provides exceptional performance in demanding environments, while the click-lock system makes installation relatively straightforward. It combines the practicality of vinyl with the aesthetics of natural materials.  Applications:  Residential: Kitchens, Bathrooms, Laundry Rooms, Basements, Living Areas, Bedrooms, Entryways.  Commercial: Retail Stores, Offices, Restaurants (front of house), Hotels, Classrooms, Healthcare , Light Industrial.","og_url":"https:\/\/fushengfloors.com\/fr\/produit\/spc-flooring-8105\/","og_site_name":"One Stop SPC Flooring Manufacturer","article_modified_time":"2025-06-26T04:57:11+00:00","og_image":[{"width":1000,"height":1000,"url":"https:\/\/fushengfloors.com\/wp-content\/uploads\/2025\/06\/8105-3.jpg","type":"image\/jpeg"}],"twitter_card":"summary_large_image","twitter_misc":{"Dur\u00e9e de lecture estim\u00e9e":"2 minutes"},"schema":{"@context":"https:\/\/schema.org","@graph":[{"@type":"WebPage","@id":"https:\/\/fushengfloors.com\/product\/spc-flooring-8105\/","url":"https:\/\/fushengfloors.com\/product\/spc-flooring-8105\/","name":"SPC Flooring 8105 - One Stop SPC Flooring Manufacturer","isPartOf":{"@id":"https:\/\/fushengfloors.com\/#website"},"primaryImageOfPage":{"@id":"https:\/\/fushengfloors.com\/product\/spc-flooring-8105\/#primaryimage"},"image":{"@id":"https:\/\/fushengfloors.com\/product\/spc-flooring-8105\/#primaryimage"},"thumbnailUrl":"https:\/\/fushengfloors.com\/wp-content\/uploads\/2025\/06\/8105-3.jpg","datePublished":"2025-06-26T01:16:29+00:00","dateModified":"2025-06-26T04:57:11+00:00","breadcrumb":{"@id":"https:\/\/fushengfloors.com\/product\/spc-flooring-8105\/#breadcrumb"},"inLanguage":"fr-FR","potentialAction":[{"@type":"ReadAction","target":["https:\/\/fushengfloors.com\/product\/spc-flooring-8105\/"]}]},{"@type":"ImageObject","inLanguage":"fr-FR","@id":"https:\/\/fushengfloors.com\/product\/spc-flooring-8105\/#primaryimage","url":"https:\/\/fushengfloors.com\/wp-content\/uploads\/2025\/06\/8105-3.jpg","contentUrl":"https:\/\/fushengfloors.com\/wp-content\/uploads\/2025\/06\/8105-3.jpg","width":1000,"height":1000,"caption":"8105 3"},{"@type":"BreadcrumbList","@id":"https:\/\/fushengfloors.com\/product\/spc-flooring-8105\/#breadcrumb","itemListElement":[{"@type":"ListItem","position":1,"name":"Home","item":"https:\/\/fushengfloors.com\/"},{"@type":"ListItem","position":2,"name":"Shop","item":"https:\/\/fushengfloors.com\/shop\/"},{"@type":"ListItem","position":3,"name":"SPC Flooring 8105"}]},{"@type":"WebSite","@id":"https:\/\/fushengfloors.com\/#website","url":"https:\/\/fushengfloors.com\/","name":"One Stop SPC Flooring Manufacturer","description":"","publisher":{"@id":"https:\/\/fushengfloors.com\/#organization"},"potentialAction":[{"@type":"SearchAction","target":{"@type":"EntryPoint","urlTemplate":"https:\/\/fushengfloors.com\/?s={search_term_string}"},"query-input":{"@type":"PropertyValueSpecification","valueRequired":true,"valueName":"search_term_string"}}],"inLanguage":"fr-FR"},{"@type":"Organization","@id":"https:\/\/fushengfloors.com\/#organization","name":"One Stop SPC Flooring Manufacturer","url":"https:\/\/fushengfloors.com\/","logo":{"@type":"ImageObject","inLanguage":"fr-FR","@id":"https:\/\/fushengfloors.com\/#\/schema\/logo\/image\/","url":"https:\/\/fushengfloors.com\/wp-content\/uploads\/2025\/05\/LOGO-H.png","contentUrl":"https:\/\/fushengfloors.com\/wp-content\/uploads\/2025\/05\/LOGO-H.png","width":500,"height":182,"caption":"One Stop SPC Flooring Manufacturer"},"image":{"@id":"https:\/\/fushengfloors.com\/#\/schema\/logo\/image\/"}}]}},"_links":{"self":[{"href":"https:\/\/fushengfloors.com\/fr\/wp-json\/wp\/v2\/product\/1287","targetHints":{"allow":["GET"]}}],"collection":[{"href":"https:\/\/fushengfloors.com\/fr\/wp-json\/wp\/v2\/product"}],"about":[{"href":"https:\/\/fushengfloors.com\/fr\/wp-json\/wp\/v2\/types\/product"}],"replies":[{"embeddable":true,"href":"https:\/\/fushengfloors.com\/fr\/wp-json\/wp\/v2\/comments?post=1287"}],"wp:featuredmedia":[{"embeddable":true,"href":"https:\/\/fushengfloors.com\/fr\/wp-json\/wp\/v2\/media\/1222"}],"wp:attachment":[{"href":"https:\/\/fushengfloors.com\/fr\/wp-json\/wp\/v2\/media?parent=1287"}],"wp:term":[{"taxonomy":"product_brand","embeddable":true,"href":"https:\/\/fushengfloors.com\/fr\/wp-json\/wp\/v2\/product_brand?post=1287"},{"taxonomy":"product_cat","embeddable":true,"href":"https:\/\/fushengfloors.com\/fr\/wp-json\/wp\/v2\/product_cat?post=1287"},{"taxonomy":"product_tag","embeddable":true,"href":"https:\/\/fushengfloors.com\/fr\/wp-json\/wp\/v2\/product_tag?post=1287"}],"curies":[{"name":"wp","href":"https:\/\/api.w.org\/{rel}","templated":true}]}}