{"id":25,"date":"2025-05-17T08:13:06","date_gmt":"2025-05-17T08:13:06","guid":{"rendered":"https:\/\/fushengfloors.com\/?page_id=25"},"modified":"2025-08-09T02:02:37","modified_gmt":"2025-08-09T02:02:37","slug":"blog","status":"publish","type":"page","link":"https:\/\/fushengfloors.com\/fr\/blog\/","title":{"rendered":"Blog"},"content":{"rendered":"<div data-elementor-type=\"wp-page\" data-elementor-id=\"25\" class=\"elementor elementor-25\" data-elementor-post-type=\"page\">\n\t\t\t\t<div class=\"elementor-element elementor-element-58fafe2 elementor-hidden-desktop elementor-hidden-tablet elementor-hidden-mobile e-flex e-con-boxed e-con e-parent\" data-id=\"58fafe2\" data-element_type=\"container\" data-e-type=\"container\" data-settings=\"{&quot;background_background&quot;:&quot;classic&quot;}\">\n\t\t\t\t\t<div class=\"e-con-inner\">\n\t\t\t\t<div class=\"elementor-element elementor-element-012fcb1 elementor-widget elementor-widget-heading\" data-id=\"012fcb1\" data-element_type=\"widget\" data-e-type=\"widget\" data-widget_type=\"heading.default\">\n\t\t\t\t<div class=\"elementor-widget-container\">\n\t\t\t\t\t<h1 class=\"elementor-heading-title elementor-size-default\">Actualit\u00e9s<\/h1>\t\t\t\t<\/div>\n\t\t\t\t<\/div>\n\t\t\t\t<div class=\"elementor-element elementor-element-ee99b56 elementor-align-center elementor-widget elementor-widget-breadcrumbs\" data-id=\"ee99b56\" data-element_type=\"widget\" data-e-type=\"widget\" data-widget_type=\"breadcrumbs.default\">\n\t\t\t\t<div class=\"elementor-widget-container\">\n\t\t\t\t\t<p id=\"breadcrumbs\"><span><span><a href=\"https:\/\/fushengfloors.com\/fr\/\">Accueil<\/a><\/span><\/span><\/p>\t\t\t\t<\/div>\n\t\t\t\t<\/div>\n\t\t\t\t\t<\/div>\n\t\t\t\t<\/div>\n\t\t<div class=\"elementor-element elementor-element-27b9c30c e-flex e-con-boxed e-con e-parent\" data-id=\"27b9c30c\" data-element_type=\"container\" data-e-type=\"container\">\n\t\t\t\t\t<div class=\"e-con-inner\">\n\t\t<div class=\"elementor-element elementor-element-4dec5971 e-con-full e-flex e-con e-child\" data-id=\"4dec5971\" data-element_type=\"container\" data-e-type=\"container\">\n\t\t\t\t<div class=\"elementor-element elementor-element-1e47f493 elementor-grid-3 elementor-grid-tablet-2 elementor-grid-mobile-1 elementor-posts--thumbnail-top elementor-card-shadow-yes elementor-posts__hover-gradient elementor-widget elementor-widget-posts\" data-id=\"1e47f493\" data-element_type=\"widget\" data-e-type=\"widget\" data-settings=\"{&quot;pagination_type&quot;:&quot;numbers_and_prev_next&quot;,&quot;cards_columns&quot;:&quot;3&quot;,&quot;cards_columns_tablet&quot;:&quot;2&quot;,&quot;cards_columns_mobile&quot;:&quot;1&quot;,&quot;cards_row_gap&quot;:{&quot;unit&quot;:&quot;px&quot;,&quot;size&quot;:35,&quot;sizes&quot;:[]},&quot;cards_row_gap_tablet&quot;:{&quot;unit&quot;:&quot;px&quot;,&quot;size&quot;:&quot;&quot;,&quot;sizes&quot;:[]},&quot;cards_row_gap_mobile&quot;:{&quot;unit&quot;:&quot;px&quot;,&quot;size&quot;:&quot;&quot;,&quot;sizes&quot;:[]}}\" data-widget_type=\"posts.cards\">\n\t\t\t\t<div class=\"elementor-widget-container\">\n\t\t\t\t\t\t\t<div class=\"elementor-posts-container elementor-posts elementor-posts--skin-cards elementor-grid\" role=\"list\">\n\t\t\t\t<article class=\"elementor-post elementor-grid-item post-216 post type-post status-publish format-standard has-post-thumbnail hentry category-blog\" role=\"listitem\">\n\t\t\t<div class=\"elementor-post__card\">\n\t\t\t\t<a class=\"elementor-post__thumbnail__link\" href=\"https:\/\/fushengfloors.com\/fr\/click-system-valinge-2g5gi\/\" tabindex=\"-1\" ><div class=\"elementor-post__thumbnail\"><img fetchpriority=\"high\" decoding=\"async\" width=\"768\" height=\"576\" src=\"https:\/\/fushengfloors.com\/wp-content\/uploads\/2025\/06\/Applications-1-768x576.png\" class=\"attachment-medium_large size-medium_large wp-image-1018\" alt=\"Applications - Bathroom\" srcset=\"https:\/\/fushengfloors.com\/wp-content\/uploads\/2025\/06\/Applications-1-768x576.png 768w, https:\/\/fushengfloors.com\/wp-content\/uploads\/2025\/06\/Applications-1-600x450.png 600w, https:\/\/fushengfloors.com\/wp-content\/uploads\/2025\/06\/Applications-1-300x225.png 300w, https:\/\/fushengfloors.com\/wp-content\/uploads\/2025\/06\/Applications-1.png 800w\" sizes=\"(max-width: 768px) 100vw, 768px\" \/><\/div><\/a>\n\t\t\t\t<div class=\"elementor-post__text\">\n\t\t\t\t<h3 class=\"elementor-post__title\">\n\t\t\t<a href=\"https:\/\/fushengfloors.com\/fr\/click-system-valinge-2g5gi\/\" >\n\t\t\t\tSyst\u00e8me de clic : V\u00e4linge 2G+5Gi\t\t\t<\/a>\n\t\t<\/h3>\n\t\t\t\t<div class=\"elementor-post__excerpt\">\n\t\t\t<p>SPECIFICATION TECHNIQUE Caract\u00e9ristiques M\u00e9thode d'essai R\u00e9sultat Dimension \/ 1220x180mm Epaisseur totale \/ 5.0mm Epaisseur couche d'usure \/ 0.3mm D\u00e9termination de la masse par unit\u00e9 de surface \/<\/p>\n\t\t<\/div>\n\t\t\n\t\t<a class=\"elementor-post__read-more\" href=\"https:\/\/fushengfloors.com\/fr\/click-system-valinge-2g5gi\/\" aria-label=\"En savoir plus sur Click System: V\u00e4linge 2G+5Gi\" tabindex=\"-1\" >\n\t\t\tLire plus \"\t\t<\/a>\n\n\t\t\t\t<\/div>\n\t\t\t\t<div class=\"elementor-post__meta-data\">\n\t\t\t\t\t<span class=\"elementor-post-date\">\n\t\t\t13 mai 2025\t\t<\/span>\n\t\t\t\t<span class=\"elementor-post-avatar\">\n\t\t\tAucun commentaire\t\t<\/span>\n\t\t\t\t<\/div>\n\t\t\t\t\t<\/div>\n\t\t<\/article>\n\t\t\t\t<article class=\"elementor-post elementor-grid-item post-214 post type-post status-publish format-standard has-post-thumbnail hentry category-blog\" role=\"listitem\">\n\t\t\t<div class=\"elementor-post__card\">\n\t\t\t\t<a class=\"elementor-post__thumbnail__link\" href=\"https:\/\/fushengfloors.com\/fr\/competitive-advantages-vs-alternatives\/\" tabindex=\"-1\" ><div class=\"elementor-post__thumbnail\"><img decoding=\"async\" width=\"768\" height=\"461\" src=\"https:\/\/fushengfloors.com\/wp-content\/uploads\/2025\/05\/News-image-7.2-768x461.jpg\" class=\"attachment-medium_large size-medium_large wp-image-1579\" alt=\"\" srcset=\"https:\/\/fushengfloors.com\/wp-content\/uploads\/2025\/05\/News-image-7.2-768x461.jpg 768w, https:\/\/fushengfloors.com\/wp-content\/uploads\/2025\/05\/News-image-7.2-300x180.jpg 300w, https:\/\/fushengfloors.com\/wp-content\/uploads\/2025\/05\/News-image-7.2-600x360.jpg 600w, https:\/\/fushengfloors.com\/wp-content\/uploads\/2025\/05\/News-image-7.2.jpg 1000w\" sizes=\"(max-width: 768px) 100vw, 768px\" \/><\/div><\/a>\n\t\t\t\t<div class=\"elementor-post__text\">\n\t\t\t\t<h3 class=\"elementor-post__title\">\n\t\t\t<a href=\"https:\/\/fushengfloors.com\/fr\/competitive-advantages-vs-alternatives\/\" >\n\t\t\t\tAvantages concurrentiels et alternatives\t\t\t<\/a>\n\t\t<\/h3>\n\t\t\t\t<div class=\"elementor-post__excerpt\">\n\t\t\t<p>SPC vs. WPC (Wood Plastic Composite) : Le SPC est plus dur, plus dense, plus fin, plus stable (notamment en cas de temp\u00e9ratures extr\u00eames) et souvent plus abordable. Le WPC est l\u00e9g\u00e8rement plus souple.<\/p>\n\t\t<\/div>\n\t\t\n\t\t<a class=\"elementor-post__read-more\" href=\"https:\/\/fushengfloors.com\/fr\/competitive-advantages-vs-alternatives\/\" aria-label=\"En savoir plus sur Competitive Advantages VS Alternatives\" tabindex=\"-1\" >\n\t\t\tLire plus \"\t\t<\/a>\n\n\t\t\t\t<\/div>\n\t\t\t\t<div class=\"elementor-post__meta-data\">\n\t\t\t\t\t<span class=\"elementor-post-date\">\n\t\t\t13 mai 2025\t\t<\/span>\n\t\t\t\t<span class=\"elementor-post-avatar\">\n\t\t\tAucun commentaire\t\t<\/span>\n\t\t\t\t<\/div>\n\t\t\t\t\t<\/div>\n\t\t<\/article>\n\t\t\t\t<article class=\"elementor-post elementor-grid-item post-1 post type-post status-publish format-standard has-post-thumbnail hentry category-blog\" role=\"listitem\">\n\t\t\t<div class=\"elementor-post__card\">\n\t\t\t\t<a class=\"elementor-post__thumbnail__link\" href=\"https:\/\/fushengfloors.com\/fr\/hello-world\/\" tabindex=\"-1\" ><div class=\"elementor-post__thumbnail\"><img decoding=\"async\" width=\"768\" height=\"461\" src=\"https:\/\/fushengfloors.com\/wp-content\/uploads\/2025\/05\/News-Image-02-768x461.jpg\" class=\"attachment-medium_large size-medium_large wp-image-212\" alt=\"News Image 02\" srcset=\"https:\/\/fushengfloors.com\/wp-content\/uploads\/2025\/05\/News-Image-02-768x461.jpg 768w, https:\/\/fushengfloors.com\/wp-content\/uploads\/2025\/05\/News-Image-02-600x360.jpg 600w, https:\/\/fushengfloors.com\/wp-content\/uploads\/2025\/05\/News-Image-02-300x180.jpg 300w, https:\/\/fushengfloors.com\/wp-content\/uploads\/2025\/05\/News-Image-02.jpg 1000w\" sizes=\"(max-width: 768px) 100vw, 768px\" \/><\/div><\/a>\n\t\t\t\t<div class=\"elementor-post__text\">\n\t\t\t\t<h3 class=\"elementor-post__title\">\n\t\t\t<a href=\"https:\/\/fushengfloors.com\/fr\/hello-world\/\" >\n\t\t\t\tAnalyse compl\u00e8te de l'industrie : SPC Stone Plastic Composite Flooring (rev\u00eatement de sol composite pierre-plastique)\t\t\t<\/a>\n\t\t<\/h3>\n\t\t\t\t<div class=\"elementor-post__excerpt\">\n\t\t\t<p>D\u00e9finition du march\u00e9 et aper\u00e7u des produits : Les rev\u00eatements de sol SPC (Stone Plastic Composite), \u00e9galement connus sous le nom de dalles de vinyle de luxe \u00e0 \u00e2me rigide (LVT) ou de composites pierre-polym\u00e8re, sont des rev\u00eatements de sol \u00e0 \u00e2me rigide.<\/p>\n\t\t<\/div>\n\t\t\n\t\t<a class=\"elementor-post__read-more\" href=\"https:\/\/fushengfloors.com\/fr\/hello-world\/\" aria-label=\"En savoir plus sur Comprehensive Industry Analysis: SPC Stone Plastic Composite Flooring\" tabindex=\"-1\" >\n\t\t\tLire plus \"\t\t<\/a>\n\n\t\t\t\t<\/div>\n\t\t\t\t<div class=\"elementor-post__meta-data\">\n\t\t\t\t\t<span class=\"elementor-post-date\">\n\t\t\t13 mai 2025\t\t<\/span>\n\t\t\t\t<span class=\"elementor-post-avatar\">\n\t\t\tUn commentaire\t\t<\/span>\n\t\t\t\t<\/div>\n\t\t\t\t\t<\/div>\n\t\t<\/article>\n\t\t\t\t<\/div>\n\t\t\n\t\t\t\t\t\t<\/div>\n\t\t\t\t<\/div>\n\t\t\t\t<div class=\"elementor-element elementor-element-853b92f elementor-align-center elementor-widget elementor-widget-button\" data-id=\"853b92f\" data-element_type=\"widget\" data-e-type=\"widget\" data-widget_type=\"button.default\">\n\t\t\t\t<div class=\"elementor-widget-container\">\n\t\t\t\t\t\t\t\t\t<div class=\"elementor-button-wrapper\">\n\t\t\t\t\t<a class=\"elementor-button elementor-button-link elementor-size-sm\" href=\"#elementor-action%3Aaction%3Dpopup%3Aopen%26settings%3DeyJpZCI6IjE2MTIiLCJ0b2dnbGUiOmZhbHNlfQ%3D%3D\">\n\t\t\t\t\t\t<span class=\"elementor-button-content-wrapper\">\n\t\t\t\t\t\t\t\t\t<span class=\"elementor-button-text\">Cliquez ici<\/span>\n\t\t\t\t\t<\/span>\n\t\t\t\t\t<\/a>\n\t\t\t\t<\/div>\n\t\t\t\t\t\t\t\t<\/div>\n\t\t\t\t<\/div>\n\t\t\t\t<\/div>\n\t\t\t\t\t<\/div>\n\t\t\t\t<\/div>\n\t\t\t\t<\/div>","protected":false},"excerpt":{"rendered":"<p>News Click here<\/p>","protected":false},"author":1,"featured_media":0,"parent":0,"menu_order":0,"comment_status":"closed","ping_status":"closed","template":"","meta":{"_acf_changed":false,"footnotes":""},"class_list":["post-25","page","type-page","status-publish","hentry"],"acf":[],"yoast_head":"<!-- This site is optimized with the Yoast SEO plugin v27.4 - https:\/\/yoast.com\/product\/yoast-seo-wordpress\/ -->\n<title>Blog - One Stop SPC Flooring Manufacturer<\/title>\n<meta name=\"robots\" content=\"index, follow, max-snippet:-1, max-image-preview:large, max-video-preview:-1\" \/>\n<link rel=\"canonical\" href=\"https:\/\/fushengfloors.com\/fr\/blog\/\" \/>\n<meta property=\"og:locale\" content=\"fr_FR\" \/>\n<meta property=\"og:type\" content=\"article\" \/>\n<meta property=\"og:title\" content=\"Blog - One Stop SPC Flooring Manufacturer\" \/>\n<meta property=\"og:description\" content=\"News Click here\" \/>\n<meta property=\"og:url\" content=\"https:\/\/fushengfloors.com\/fr\/blog\/\" \/>\n<meta property=\"og:site_name\" content=\"One Stop SPC Flooring Manufacturer\" \/>\n<meta property=\"article:modified_time\" content=\"2025-08-09T02:02:37+00:00\" \/>\n<meta name=\"twitter:card\" content=\"summary_large_image\" \/>\n<meta name=\"twitter:label1\" content=\"Dur\u00e9e de lecture estim\u00e9e\" \/>\n\t<meta name=\"twitter:data1\" content=\"3 minutes\" \/>\n<script type=\"application\/ld+json\" class=\"yoast-schema-graph\">{\"@context\":\"https:\\\/\\\/schema.org\",\"@graph\":[{\"@type\":\"WebPage\",\"@id\":\"https:\\\/\\\/fushengfloors.com\\\/blog\\\/\",\"url\":\"https:\\\/\\\/fushengfloors.com\\\/blog\\\/\",\"name\":\"Blog - One Stop SPC Flooring Manufacturer\",\"isPartOf\":{\"@id\":\"https:\\\/\\\/fushengfloors.com\\\/#website\"},\"datePublished\":\"2025-05-17T08:13:06+00:00\",\"dateModified\":\"2025-08-09T02:02:37+00:00\",\"breadcrumb\":{\"@id\":\"https:\\\/\\\/fushengfloors.com\\\/blog\\\/#breadcrumb\"},\"inLanguage\":\"fr-FR\",\"potentialAction\":[{\"@type\":\"ReadAction\",\"target\":[\"https:\\\/\\\/fushengfloors.com\\\/blog\\\/\"]}]},{\"@type\":\"BreadcrumbList\",\"@id\":\"https:\\\/\\\/fushengfloors.com\\\/blog\\\/#breadcrumb\",\"itemListElement\":[{\"@type\":\"ListItem\",\"position\":1,\"name\":\"Home\",\"item\":\"https:\\\/\\\/fushengfloors.com\\\/\"},{\"@type\":\"ListItem\",\"position\":2,\"name\":\"Blog\"}]},{\"@type\":\"WebSite\",\"@id\":\"https:\\\/\\\/fushengfloors.com\\\/#website\",\"url\":\"https:\\\/\\\/fushengfloors.com\\\/\",\"name\":\"One Stop SPC Flooring Manufacturer\",\"description\":\"\",\"publisher\":{\"@id\":\"https:\\\/\\\/fushengfloors.com\\\/#organization\"},\"potentialAction\":[{\"@type\":\"SearchAction\",\"target\":{\"@type\":\"EntryPoint\",\"urlTemplate\":\"https:\\\/\\\/fushengfloors.com\\\/?s={search_term_string}\"},\"query-input\":{\"@type\":\"PropertyValueSpecification\",\"valueRequired\":true,\"valueName\":\"search_term_string\"}}],\"inLanguage\":\"fr-FR\"},{\"@type\":\"Organization\",\"@id\":\"https:\\\/\\\/fushengfloors.com\\\/#organization\",\"name\":\"One Stop SPC Flooring Manufacturer\",\"url\":\"https:\\\/\\\/fushengfloors.com\\\/\",\"logo\":{\"@type\":\"ImageObject\",\"inLanguage\":\"fr-FR\",\"@id\":\"https:\\\/\\\/fushengfloors.com\\\/#\\\/schema\\\/logo\\\/image\\\/\",\"url\":\"https:\\\/\\\/fushengfloors.com\\\/wp-content\\\/uploads\\\/2025\\\/05\\\/LOGO-H.png\",\"contentUrl\":\"https:\\\/\\\/fushengfloors.com\\\/wp-content\\\/uploads\\\/2025\\\/05\\\/LOGO-H.png\",\"width\":500,\"height\":182,\"caption\":\"One Stop SPC Flooring Manufacturer\"},\"image\":{\"@id\":\"https:\\\/\\\/fushengfloors.com\\\/#\\\/schema\\\/logo\\\/image\\\/\"}}]}<\/script>\n<!-- \/ Yoast SEO plugin. -->","yoast_head_json":{"title":"Blog - One Stop SPC Flooring Manufacturer","robots":{"index":"index","follow":"follow","max-snippet":"max-snippet:-1","max-image-preview":"max-image-preview:large","max-video-preview":"max-video-preview:-1"},"canonical":"https:\/\/fushengfloors.com\/fr\/blog\/","og_locale":"fr_FR","og_type":"article","og_title":"Blog - One Stop SPC Flooring Manufacturer","og_description":"News Click here","og_url":"https:\/\/fushengfloors.com\/fr\/blog\/","og_site_name":"One Stop SPC Flooring Manufacturer","article_modified_time":"2025-08-09T02:02:37+00:00","twitter_card":"summary_large_image","twitter_misc":{"Dur\u00e9e de lecture estim\u00e9e":"3 minutes"},"schema":{"@context":"https:\/\/schema.org","@graph":[{"@type":"WebPage","@id":"https:\/\/fushengfloors.com\/blog\/","url":"https:\/\/fushengfloors.com\/blog\/","name":"Blog - One Stop SPC Flooring Manufacturer","isPartOf":{"@id":"https:\/\/fushengfloors.com\/#website"},"datePublished":"2025-05-17T08:13:06+00:00","dateModified":"2025-08-09T02:02:37+00:00","breadcrumb":{"@id":"https:\/\/fushengfloors.com\/blog\/#breadcrumb"},"inLanguage":"fr-FR","potentialAction":[{"@type":"ReadAction","target":["https:\/\/fushengfloors.com\/blog\/"]}]},{"@type":"BreadcrumbList","@id":"https:\/\/fushengfloors.com\/blog\/#breadcrumb","itemListElement":[{"@type":"ListItem","position":1,"name":"Home","item":"https:\/\/fushengfloors.com\/"},{"@type":"ListItem","position":2,"name":"Blog"}]},{"@type":"WebSite","@id":"https:\/\/fushengfloors.com\/#website","url":"https:\/\/fushengfloors.com\/","name":"One Stop SPC Flooring Manufacturer","description":"","publisher":{"@id":"https:\/\/fushengfloors.com\/#organization"},"potentialAction":[{"@type":"SearchAction","target":{"@type":"EntryPoint","urlTemplate":"https:\/\/fushengfloors.com\/?s={search_term_string}"},"query-input":{"@type":"PropertyValueSpecification","valueRequired":true,"valueName":"search_term_string"}}],"inLanguage":"fr-FR"},{"@type":"Organization","@id":"https:\/\/fushengfloors.com\/#organization","name":"One Stop SPC Flooring Manufacturer","url":"https:\/\/fushengfloors.com\/","logo":{"@type":"ImageObject","inLanguage":"fr-FR","@id":"https:\/\/fushengfloors.com\/#\/schema\/logo\/image\/","url":"https:\/\/fushengfloors.com\/wp-content\/uploads\/2025\/05\/LOGO-H.png","contentUrl":"https:\/\/fushengfloors.com\/wp-content\/uploads\/2025\/05\/LOGO-H.png","width":500,"height":182,"caption":"One Stop SPC Flooring Manufacturer"},"image":{"@id":"https:\/\/fushengfloors.com\/#\/schema\/logo\/image\/"}}]}},"_links":{"self":[{"href":"https:\/\/fushengfloors.com\/fr\/wp-json\/wp\/v2\/pages\/25","targetHints":{"allow":["GET"]}}],"collection":[{"href":"https:\/\/fushengfloors.com\/fr\/wp-json\/wp\/v2\/pages"}],"about":[{"href":"https:\/\/fushengfloors.com\/fr\/wp-json\/wp\/v2\/types\/page"}],"author":[{"embeddable":true,"href":"https:\/\/fushengfloors.com\/fr\/wp-json\/wp\/v2\/users\/1"}],"replies":[{"embeddable":true,"href":"https:\/\/fushengfloors.com\/fr\/wp-json\/wp\/v2\/comments?post=25"}],"version-history":[{"count":16,"href":"https:\/\/fushengfloors.com\/fr\/wp-json\/wp\/v2\/pages\/25\/revisions"}],"predecessor-version":[{"id":1719,"href":"https:\/\/fushengfloors.com\/fr\/wp-json\/wp\/v2\/pages\/25\/revisions\/1719"}],"wp:attachment":[{"href":"https:\/\/fushengfloors.com\/fr\/wp-json\/wp\/v2\/media?parent=25"}],"curies":[{"name":"wp","href":"https:\/\/api.w.org\/{rel}","templated":true}]}}